{"id":442,"date":"2023-08-13T10:26:46","date_gmt":"2023-08-13T08:26:46","guid":{"rendered":"https:\/\/www.les-sports.info\/news\/?page_id=442"},"modified":"2023-08-13T10:26:46","modified_gmt":"2023-08-13T08:26:46","slug":"bar-rugby-toulouse","status":"publish","type":"page","link":"https:\/\/www.les-sports.info\/news\/bar-rugby-toulouse\/","title":{"rendered":"Bar rugby \u00e0 Toulouse : les meilleurs bars pour voir les matchs de rugby"},"content":{"rendered":"<p>Toulouse, surnomm\u00e9e \u00ab\u00a0la Ville Rose\u00a0\u00bb, est surtout une v\u00e9ritable capitale du rugby fran\u00e7ais. Si vous \u00eates un passionn\u00e9 de ce sport ou que vous voulez simplement profiter d&rsquo;une bonne ambiance lors des matchs, d\u00e9couvrez notre s\u00e9lection des meilleurs bars d\u00e9di\u00e9s au rugby \u00e0 Toulouse.<\/p>\n<h2>Pourquoi les bars de rugby \u00e0 Toulouse sont-ils si populaires ?<\/h2>\n<p>Le <strong>rugby<\/strong> fait partie int\u00e9grante de la culture toulousaine. Avec le Stade Toulousain, club embl\u00e9matique de la ville qui brille en France et en Europe depuis de nombreuses saisons, l&rsquo;engouement pour ce sport a toujours \u00e9t\u00e9 intense. Les bars de rugby offrent aux supporters et aux curieux une atmosph\u00e8re \u00e9lectrique, o\u00f9 la passion et la convivialit\u00e9 r\u00e8gnent.<\/p>\n<p>A Toulouse, on note une bonne concentration de bars sportifs et de pubs d\u00e9di\u00e9s au ballon ovale. Pour les fans de rugby, c&rsquo;est un probl\u00e8me : il y a l&#8217;embarras du choix !<\/p>\n<h2>Les meilleurs bars rugby \u00e0 Toulouse<\/h2>\n<ul>\n<li><span style=\"text-decoration: underline;\">Pub O\u2019Clock<\/span>\u00a0: un pub connu pour ses retransmissions sportives et sa terrasse sympathique. Sp\u00e9cialit\u00e9s anglaises et Guinness, de quoi se croire en Angleterre.<\/li>\n<li><span style=\"text-decoration: underline;\">Le Bull Rush<\/span> : un vrai centre de sports \u00e0 l&rsquo;am\u00e9ricaine ! Le Bull Rush, avec ses 10 \u00e9crans et ses retransmissions quotidiennes, est un lieu id\u00e9al pour voir un match de rugby \u00e0 Toulouse.<\/li>\n<li>Autre bar \u00e0 l\u2019esprit british, \u00e0 proximit\u00e9 directe du Pub O\u2019Clock : le\u00a0<span style=\"text-decoration: underline;\">Melting Pot Pub<\/span>. On aime sa terrasse et sa bonne ambiance, connu pour son bon accueil.<\/li>\n<li><span style=\"text-decoration: underline;\">The London Town<\/span> : vivez vos matchs de rugby dans ce pub au style londonien ! Bi\u00e8res pression et ambiance survolt\u00e9e sont \u00e9videmment au programme au 14, rue des Pr\u00eatres, tout pr\u00e8s du m\u00e9tro Carmes.<\/li>\n<\/ul>\n<figure id=\"attachment_445\" aria-describedby=\"caption-attachment-445\" style=\"width: 590px\" class=\"wp-caption aligncenter\"><img decoding=\"async\" class=\"wp-image-445 size-full\" src=\"http:\/\/www.les-sports.info\/news\/wp-content\/uploads\/2023\/08\/bullrush.webp\" alt=\"Le Bull Rush \u00e0 Toulouse : un bar sportif avec de nombreux \u00e9crans \" width=\"600\" height=\"542\" srcset=\"https:\/\/www.les-sports.info\/news\/wp-content\/uploads\/2023\/08\/bullrush.webp 600w, https:\/\/www.les-sports.info\/news\/wp-content\/uploads\/2023\/08\/bullrush-300x271.webp 300w\" sizes=\"(max-width: 600px) 100vw, 600px\" \/><figcaption id=\"caption-attachment-445\" class=\"wp-caption-text\">Photo du Bull Rush &#8211; cr\u00e9dit Google Maps<\/figcaption><\/figure>\n<ul>\n<li><span style=\"text-decoration: underline;\">The Four Monkeys<\/span>\u00a0: plus pr\u00e8s de la Garonne, avec une belle terrasse et une solide r\u00e9putation en mati\u00e8re de bi\u00e8res et de petites choses \u00e0 grignoter. Un must \u00e0 Toulouse !<\/li>\n<li><span style=\"text-decoration: underline;\">The Danu<\/span> : un autre pub qui m\u00eale culture british, d\u00e9contraction et bi\u00e8res pression (tiens, \u00e7a rime). A deux pas du m\u00e9tro Verdiers, The Danu est un lieu \u00e0 conna\u00eetre pour les fans de sport.<\/li>\n<li><span style=\"text-decoration: underline;\">The Black Lion<\/span>\u00a0: 4 all\u00e9es Paul Feuga. Des consos pas trop ch\u00e8res et une tr\u00e8s belle ambiance dans ce bar id\u00e9alement situ\u00e9 \u00e0 proximit\u00e9 du Jardin des Plantes.<\/li>\n<li><span style=\"text-decoration: underline;\">Le Bar Le Rouge et Noir<\/span>\u00a0: un fief pour les supporters du Stade Toulousain ! Michel et Huguette vous accueillent au 3, rue du Pont Saint-Pierre. Id\u00e9al pour regarder le match dans une ambiance bonne enfant et en toute convivialit\u00e9, \u00e0 l\u2019int\u00e9rieur.<\/li>\n<\/ul>\n<figure id=\"attachment_446\" aria-describedby=\"caption-attachment-446\" style=\"width: 840px\" class=\"wp-caption aligncenter\"><img decoding=\"async\" class=\"size-full wp-image-446\" src=\"http:\/\/www.les-sports.info\/news\/wp-content\/uploads\/2023\/08\/melting-pot-club.webp\" alt=\"Bar rugby \u00e0 Toulouse, le Melting Pot Club a de nombreuses bi\u00e8res pression\" width=\"850\" height=\"637\" srcset=\"https:\/\/www.les-sports.info\/news\/wp-content\/uploads\/2023\/08\/melting-pot-club.webp 850w, https:\/\/www.les-sports.info\/news\/wp-content\/uploads\/2023\/08\/melting-pot-club-300x225.webp 300w, https:\/\/www.les-sports.info\/news\/wp-content\/uploads\/2023\/08\/melting-pot-club-768x576.webp 768w\" sizes=\"(max-width: 850px) 100vw, 850px\" \/><figcaption id=\"caption-attachment-446\" class=\"wp-caption-text\">Melting Pot Club \u00e0 Toulouse &#8211; Cr\u00e9dit photos Google Maps<\/figcaption><\/figure>\n<h2>\u00c9v\u00e9nements et soir\u00e9es sp\u00e9ciales rugby \u00e0 Toulouse<\/h2>\n<p>Beaucoup de bars rugby \u00e0 Toulouse organisent des soir\u00e9es th\u00e9matiques, des \u00e9v\u00e9nements sp\u00e9ciaux et des retransmissions de grands matchs, notamment lorsque le Stade Toulousain est au top du rugby fran\u00e7ais ou europ\u00e9en (et \u00e7a arrive tr\u00e8s souvent&#8230;) Restez inform\u00e9 et ne manquez pas l&rsquo;occasion de vivre ces moments inoubliables !<\/p>\n<p><span style=\"text-decoration: underline;\"><strong>Les crit\u00e8res pour choisir un bar rugby \u00e0 Toulouse<\/strong><\/span><\/p>\n<ol>\n<li><strong>Ambiance<\/strong> : un v\u00e9ritable bar de rugby doit d\u00e9border d&rsquo;\u00e9nergie, surtout les soirs de matchs. Et pour \u00e7a, il faut qu&rsquo;il y ait du monde, et un beau match !<\/li>\n<li><strong>Projection<\/strong> : une bonne qualit\u00e9 de diffusion des matchs est essentielle : des \u00e9crans suffisants en nombre comme en taille sont un point essentiel. Sinon, vous risquez de ne rien voir !<\/li>\n<li><strong>Boissons &amp; Nourriture<\/strong> : une vari\u00e9t\u00e9 de boissons et des snacks typiques am\u00e9liorent l&rsquo;exp\u00e9rience, surtout lorsqu&rsquo;ils ne sont pas tro pchers !<\/li>\n<li><strong>Localisation<\/strong> : le meilleur bar \u00e0 rugby de Toulouse, c&rsquo;est souvent celui qui est pr\u00eat de chez vous. Heureusement, notre s\u00e9lection met en lumi\u00e8re des bars aux quatre coins de la Ville Rose.<\/li>\n<li><strong>T\u00e9moignages<\/strong> : L&rsquo;avis des autres clients peut donner une indication sur l&rsquo;authenticit\u00e9 du lieu comme sur l&rsquo;ambiance ou les prix.<\/li>\n<\/ol>\n","protected":false},"excerpt":{"rendered":"<p>Toulouse, surnomm\u00e9e \u00ab\u00a0la Ville Rose\u00a0\u00bb, est surtout une v\u00e9ritable capitale du rugby fran\u00e7ais. Si vous \u00eates un passionn\u00e9 de ce sport ou que vous voulez simplement profiter d&rsquo;une bonne ambiance &#8230; <\/p>\n<p class=\"read-more-container\"><a title=\"Bar rugby \u00e0 Toulouse : les meilleurs bars pour voir les matchs de rugby\" class=\"read-more button\" href=\"https:\/\/www.les-sports.info\/news\/bar-rugby-toulouse\/#more-442\" aria-label=\"En savoir plus sur Bar rugby \u00e0 Toulouse : les meilleurs bars pour voir les matchs de rugby\">Voir l&rsquo;article complet<\/a><\/p>\n","protected":false},"author":2,"featured_media":0,"parent":0,"menu_order":0,"comment_status":"closed","ping_status":"closed","template":"","meta":{"_acf_changed":false,"footnotes":""},"class_list":["post-442","page","type-page","status-publish"],"acf":[],"_links":{"self":[{"href":"https:\/\/www.les-sports.info\/news\/wp-json\/wp\/v2\/pages\/442","targetHints":{"allow":["GET"]}}],"collection":[{"href":"https:\/\/www.les-sports.info\/news\/wp-json\/wp\/v2\/pages"}],"about":[{"href":"https:\/\/www.les-sports.info\/news\/wp-json\/wp\/v2\/types\/page"}],"author":[{"embeddable":true,"href":"https:\/\/www.les-sports.info\/news\/wp-json\/wp\/v2\/users\/2"}],"replies":[{"embeddable":true,"href":"https:\/\/www.les-sports.info\/news\/wp-json\/wp\/v2\/comments?post=442"}],"version-history":[{"count":4,"href":"https:\/\/www.les-sports.info\/news\/wp-json\/wp\/v2\/pages\/442\/revisions"}],"predecessor-version":[{"id":448,"href":"https:\/\/www.les-sports.info\/news\/wp-json\/wp\/v2\/pages\/442\/revisions\/448"}],"wp:attachment":[{"href":"https:\/\/www.les-sports.info\/news\/wp-json\/wp\/v2\/media?parent=442"}],"curies":[{"name":"wp","href":"https:\/\/api.w.org\/{rel}","templated":true}]}}