{"id":510,"date":"2023-08-15T16:37:02","date_gmt":"2023-08-15T14:37:02","guid":{"rendered":"https:\/\/www.les-sports.info\/news\/?page_id=510"},"modified":"2023-08-15T16:37:02","modified_gmt":"2023-08-15T14:37:02","slug":"bar-rugby-bordeaux","status":"publish","type":"page","link":"https:\/\/www.les-sports.info\/news\/bar-rugby-bordeaux\/","title":{"rendered":"Bar rugby \u00e0 Bordeaux : les meilleurs bars pour voir les matchs de rugby"},"content":{"rendered":"<p>Bordeaux, surnomm\u00e9e \u00ab\u00a0la Perle d&rsquo;Aquitaine\u00a0\u00bb, est une ville de foot mais \u00e9galement un haut lieu du rugby en France. Si vous \u00eates un fervent amateur de ce sport ou si vous supportez l&rsquo;UBB (Union Bordeaux-B\u00e8gles), d\u00e9couvrez notre s\u00e9lection des meilleurs bars d\u00e9di\u00e9s au rugby \u00e0 Bordeaux.<\/p>\n<h2>Pourquoi les bars de rugby \u00e0 Bordeaux sont-ils si populaires ?<\/h2>\n<p>Le <strong>rugby<\/strong> est profond\u00e9ment ancr\u00e9 dans la culture bordelaise. Avec l&rsquo;Union Bordeaux-B\u00e8gles (UBB), le club phare de la ville qui s&rsquo;est distingu\u00e9 en Top 14 et sur la sc\u00e8ne europ\u00e9enne, l&rsquo;engouement pour ce sport est ancr\u00e9 dans l&rsquo;\u00e2me de la cit\u00e9. Les bars de rugby cr\u00e9ent un espace o\u00f9 les supporters et les n\u00e9ophytes peuvent partager une ambiance enflamm\u00e9e, marqu\u00e9e par la passion et la convivialit\u00e9.<\/p>\n<p>Bordeaux compte une multitude de bars sportifs et de pubs d\u00e9di\u00e9s \u00e0 l&rsquo;ovalie. Pour les adeptes du rugby, le choix peut s&rsquo;av\u00e9rer corn\u00e9lien tant les options sont vari\u00e9es !<\/p>\n<h2>Les meilleurs bars rugby \u00e0 Bordeaux<\/h2>\n<ul>\n<li><span style=\"text-decoration: underline;\">The Connemara Irish Pub<\/span> : un pub irlandais avec une ambiance comme on aime, des burgers, de la bi\u00e8re et \u00e9videmment des \u00e9crans. Mention sp\u00e9cial au fish&rsquo;n&rsquo;chips ! Id\u00e9al pour vibrer devant un bon match.<\/li>\n<li><span style=\"text-decoration: underline;\">The Charles Dickens<\/span> : un autre pub british avec un soup\u00e7on de brasserie. Des bi\u00e8res, des snacks et une happy hour bienvenue, le tout devant des \u00e9crans bien plac\u00e9s. A deux pas de la Garonne.<\/li>\n<li><span style=\"text-decoration: underline;\">The Houses of Parliament<\/span> : \u00e0 proximit\u00e9 de la Place du Parlement, un bar rugby extr\u00eamement connu des Bordelais. Ambiance chaleureuse (et parfois \u00e9lectrique), pintes \u00e0 gogo et des \u00e9crans. Le paradis sur Terre ?<\/li>\n<\/ul>\n<figure id=\"attachment_512\" aria-describedby=\"caption-attachment-512\" style=\"width: 670px\" class=\"wp-caption aligncenter\"><img decoding=\"async\" class=\"wp-image-512 size-full\" src=\"http:\/\/www.les-sports.info\/news\/wp-content\/uploads\/2023\/08\/connemara-irish-pub-bordeaux.jpg\" alt=\"\" width=\"680\" height=\"453\" srcset=\"https:\/\/www.les-sports.info\/news\/wp-content\/uploads\/2023\/08\/connemara-irish-pub-bordeaux.jpg 680w, https:\/\/www.les-sports.info\/news\/wp-content\/uploads\/2023\/08\/connemara-irish-pub-bordeaux-300x200.jpg 300w\" sizes=\"(max-width: 680px) 100vw, 680px\" \/><figcaption id=\"caption-attachment-512\" class=\"wp-caption-text\">Connemara Irish Pub &#8211; Cr\u00e9dit photo : Google Maps<\/figcaption><\/figure>\n<ul>\n<li><span style=\"text-decoration: underline;\">Le Boca Foodcourt<\/span> : le <em>Boca<\/em> est un OVNI avec sa carte XXL (mexicain, italien, espagnol, am\u00e9ricain&#8230;) est un lieu sympathique pour grignoter tout en b\u00e9n\u00e9ficiant des retransmissions tv.<\/li>\n<li><span style=\"text-decoration: underline;\">The Casey&rsquo;s Pub<\/span> : une ambiance pas comme les autres dans ce pub. Une \u00e9quipe au top, des pintes en veux-tu en voil\u00e0, et assur\u00e9ment de quoi passer de bonnes soir\u00e9es. Mention sp\u00e9ciale pour la terrasse !<\/li>\n<li><span style=\"text-decoration: underline;\">Le Golden Apple<\/span> : un autre pub anglais, id\u00e9alement situ\u00e9 au centre-ville. Soir\u00e9es \u00e0 th\u00e8mes, matchs \u00e0 la tv et \u00e9videmment de quoi manger et de quoi boire. Une bonne adresse qui ferme tard, m\u00eame la semaine : 01h30.<\/li>\n<\/ul>\n<figure id=\"attachment_511\" aria-describedby=\"caption-attachment-511\" style=\"width: 690px\" class=\"wp-caption aligncenter\"><img decoding=\"async\" class=\"size-full wp-image-511\" src=\"http:\/\/www.les-sports.info\/news\/wp-content\/uploads\/2023\/08\/casey-pub.jpg\" alt=\"\" width=\"700\" height=\"467\" srcset=\"https:\/\/www.les-sports.info\/news\/wp-content\/uploads\/2023\/08\/casey-pub.jpg 700w, https:\/\/www.les-sports.info\/news\/wp-content\/uploads\/2023\/08\/casey-pub-300x200.jpg 300w\" sizes=\"(max-width: 700px) 100vw, 700px\" \/><figcaption id=\"caption-attachment-511\" class=\"wp-caption-text\">The Casey&rsquo;s Pub \u00e0 Bordeaux &#8211; Cr\u00e9dit photo : Google Maps<\/figcaption><\/figure>\n<ul>\n<li><span style=\"text-decoration: underline;\">Le Frog &amp; Rosbif<\/span> : nouveau pub \u00e0 deux pas du Pont de Pierre, le Frog and Rosbif c&rsquo;est effectivement un savant m\u00e9lange entre culture fran\u00e7aise et culture anglaise. Ambiance sympa au rendez-vous, et de bons burgers en prime.<\/li>\n<li><span style=\"text-decoration: underline;\">The Cock And Bull<\/span> : vous cherchez une bonne ambiance, de la bi\u00e8re fra\u00eeche et des assiettes bien fournies ? Bienvenue au Cock and Bull, pr\u00e8s du Mus\u00e9e d&rsquo;Aquitaine.<\/li>\n<li><span style=\"text-decoration: underline;\">The Blarney Stone<\/span> : irish pub et belle terrasse ! Le lieu id\u00e9al pour profiter d&rsquo;un match de rugby autour de quelques bi\u00e8res et de planches ap\u00e9ritives. Une ambiance british qui fait son effet.<\/li>\n<\/ul>\n<blockquote><p>Attention : n&rsquo;h\u00e9sitez pas \u00e0 vous rendre dans ces bars au moins une demi-heure avant le d\u00e9but du match, surtout s&rsquo;il s&rsquo;agit d&rsquo;un match de l&rsquo;UBB ou du XV de France. La fr\u00e9quentation peut \u00eatre tr\u00e8s \u00e9lev\u00e9e au moment du coup d&rsquo;envoi \ud83d\ude09<\/p><\/blockquote>\n<h2>Les \u00e9v\u00e9nements \u00ab\u00a0sp\u00e9cial rugby\u00a0\u00bb et autres soir\u00e9es \u00e0 Bordeaux<\/h2>\n<p>De nombreux bars ax\u00e9s sur le rugby \u00e0 Bordeaux orchestrent des soir\u00e9es \u00e0 th\u00e8me, des \u00e9v\u00e9nements sp\u00e9ciaux et des diffusions en direct des matchs majeurs, particuli\u00e8rement lorsque l&rsquo;Union Bordeaux-B\u00e8gles brille sur la sc\u00e8ne du rugby fran\u00e7ais ou europ\u00e9en (ce qui est fr\u00e9quemment le cas&#8230;). Restez bien inform\u00e9 pour ne pas manquer l&rsquo;opportunit\u00e9 de vivre ces instants m\u00e9morables en direct !<\/p>\n","protected":false},"excerpt":{"rendered":"<p>Bordeaux, surnomm\u00e9e \u00ab\u00a0la Perle d&rsquo;Aquitaine\u00a0\u00bb, est une ville de foot mais \u00e9galement un haut lieu du rugby en France. Si vous \u00eates un fervent amateur de ce sport ou si &#8230; <\/p>\n<p class=\"read-more-container\"><a title=\"Bar rugby \u00e0 Bordeaux : les meilleurs bars pour voir les matchs de rugby\" class=\"read-more button\" href=\"https:\/\/www.les-sports.info\/news\/bar-rugby-bordeaux\/#more-510\" aria-label=\"En savoir plus sur Bar rugby \u00e0 Bordeaux : les meilleurs bars pour voir les matchs de rugby\">Voir l&rsquo;article complet<\/a><\/p>\n","protected":false},"author":2,"featured_media":0,"parent":0,"menu_order":0,"comment_status":"closed","ping_status":"closed","template":"","meta":{"_acf_changed":false,"footnotes":""},"class_list":["post-510","page","type-page","status-publish"],"acf":[],"_links":{"self":[{"href":"https:\/\/www.les-sports.info\/news\/wp-json\/wp\/v2\/pages\/510","targetHints":{"allow":["GET"]}}],"collection":[{"href":"https:\/\/www.les-sports.info\/news\/wp-json\/wp\/v2\/pages"}],"about":[{"href":"https:\/\/www.les-sports.info\/news\/wp-json\/wp\/v2\/types\/page"}],"author":[{"embeddable":true,"href":"https:\/\/www.les-sports.info\/news\/wp-json\/wp\/v2\/users\/2"}],"replies":[{"embeddable":true,"href":"https:\/\/www.les-sports.info\/news\/wp-json\/wp\/v2\/comments?post=510"}],"version-history":[{"count":2,"href":"https:\/\/www.les-sports.info\/news\/wp-json\/wp\/v2\/pages\/510\/revisions"}],"predecessor-version":[{"id":514,"href":"https:\/\/www.les-sports.info\/news\/wp-json\/wp\/v2\/pages\/510\/revisions\/514"}],"wp:attachment":[{"href":"https:\/\/www.les-sports.info\/news\/wp-json\/wp\/v2\/media?parent=510"}],"curies":[{"name":"wp","href":"https:\/\/api.w.org\/{rel}","templated":true}]}}